{"id":5540,"date":"2025-03-05T13:48:06","date_gmt":"2025-03-05T18:48:06","guid":{"rendered":"https:\/\/llanerosderuana.com\/?post_type=product&#038;p=5540"},"modified":"2025-03-12T15:09:49","modified_gmt":"2025-03-12T20:09:49","slug":"san-juanito-y-el-calvario-villavicencio","status":"publish","type":"product","link":"https:\/\/llanerosderuana.com\/en\/viaje\/san-juanito-y-el-calvario-villavicencio\/","title":{"rendered":"De Villavicencio a San Juanito y Chingaza"},"content":{"rendered":"<p>2 d\u00edas, 1 noche para conocer las monta\u00f1as m\u00e1s altas del departamento del Meta, viajaremos hacia San Juanito y EL Calvario desde la ciudad de Villavicencio. Como bonus antes de regresar pasaremos a conocer la Laguna de Chingaza donde nace el r\u00edo Guatiqu\u00eda.<\/p>","protected":false},"excerpt":{"rendered":"<p>2 d\u00edas, 1 noche para conocer las monta\u00f1as m\u00e1s altas del departamento del Meta, viajaremos hacia San Juanito y EL Calvario desde la ciudad de Villavicencio. Como bonus antes de regresar pasaremos a conocer la Laguna de Chingaza donde nace el r\u00edo Guatiqu\u00eda.<\/p>","protected":false},"featured_media":5541,"comment_status":"open","ping_status":"closed","template":"","meta":[],"product_cat":[152,147,160,156,148,151,158],"product_tag":[],"region":[84],"acf":[],"_links":{"self":[{"href":"https:\/\/llanerosderuana.com\/en\/wp-json\/wp\/v2\/product\/5540"}],"collection":[{"href":"https:\/\/llanerosderuana.com\/en\/wp-json\/wp\/v2\/product"}],"about":[{"href":"https:\/\/llanerosderuana.com\/en\/wp-json\/wp\/v2\/types\/product"}],"replies":[{"embeddable":true,"href":"https:\/\/llanerosderuana.com\/en\/wp-json\/wp\/v2\/comments?post=5540"}],"wp:featuredmedia":[{"embeddable":true,"href":"https:\/\/llanerosderuana.com\/en\/wp-json\/wp\/v2\/media\/5541"}],"wp:attachment":[{"href":"https:\/\/llanerosderuana.com\/en\/wp-json\/wp\/v2\/media?parent=5540"}],"wp:term":[{"taxonomy":"product_cat","embeddable":true,"href":"https:\/\/llanerosderuana.com\/en\/wp-json\/wp\/v2\/product_cat?post=5540"},{"taxonomy":"product_tag","embeddable":true,"href":"https:\/\/llanerosderuana.com\/en\/wp-json\/wp\/v2\/product_tag?post=5540"},{"taxonomy":"region","embeddable":true,"href":"https:\/\/llanerosderuana.com\/en\/wp-json\/wp\/v2\/region?post=5540"}],"curies":[{"name":"wp","href":"https:\/\/api.w.org\/{rel}","templated":true}]}}