{"id":5435,"date":"2024-05-09T12:04:12","date_gmt":"2024-05-09T17:04:12","guid":{"rendered":"https:\/\/llanerosderuana.com\/?post_type=product&#038;p=5435"},"modified":"2024-05-09T20:38:10","modified_gmt":"2024-05-10T01:38:10","slug":"reserva-natural-la-laja-chingaza","status":"publish","type":"product","link":"https:\/\/llanerosderuana.com\/en\/viaje\/reserva-natural-la-laja-chingaza\/","title":{"rendered":"Reserva Natural La Laja Chingaza"},"content":{"rendered":"<p style=\"font-weight: 400;\">La Laja, es una reserva de la sociedad civil y fundaci\u00f3n ubicada en el municipio de F\u00f3meque (Cundinamarca), en la zona de amortiguaci\u00f3n del P\u00e1ramo de Chingaza,\u00a0 est\u00e1 ubicada sobre el camino real Monfortiano que conduc\u00eda a San Juanito, Meta. La posada campesina tiene acomodaci\u00f3n para 25 personas en cama y zona c\u00e1mping.<\/p>\n<p style=\"font-weight: 400;\">Adem\u00e1s de ser un santuario para la conservaci\u00f3n de la biodiversidad andina es un espacio de arraigo por las tradiciones campesinas y las costumbres del territorio.<\/p>","protected":false},"excerpt":{"rendered":"<p>La Laja, es una reserva de la sociedad civil y fundaci\u00f3n ubicada en el municipio de F\u00f3meque (Cundinamarca), en la zona de amortiguaci\u00f3n del P\u00e1ramo de Chingaza,\u00a0 est\u00e1 ubicada sobre el camino real Monfortiano que conduc\u00eda a San Juanito, Meta. La posada campesina tiene acomodaci\u00f3n para 25 personas en cama y zona c\u00e1mping. Adem\u00e1s de [&hellip;]<\/p>","protected":false},"featured_media":5422,"comment_status":"open","ping_status":"closed","template":"","meta":[],"product_cat":[161,160],"product_tag":[],"region":[],"acf":[],"_links":{"self":[{"href":"https:\/\/llanerosderuana.com\/en\/wp-json\/wp\/v2\/product\/5435"}],"collection":[{"href":"https:\/\/llanerosderuana.com\/en\/wp-json\/wp\/v2\/product"}],"about":[{"href":"https:\/\/llanerosderuana.com\/en\/wp-json\/wp\/v2\/types\/product"}],"replies":[{"embeddable":true,"href":"https:\/\/llanerosderuana.com\/en\/wp-json\/wp\/v2\/comments?post=5435"}],"wp:featuredmedia":[{"embeddable":true,"href":"https:\/\/llanerosderuana.com\/en\/wp-json\/wp\/v2\/media\/5422"}],"wp:attachment":[{"href":"https:\/\/llanerosderuana.com\/en\/wp-json\/wp\/v2\/media?parent=5435"}],"wp:term":[{"taxonomy":"product_cat","embeddable":true,"href":"https:\/\/llanerosderuana.com\/en\/wp-json\/wp\/v2\/product_cat?post=5435"},{"taxonomy":"product_tag","embeddable":true,"href":"https:\/\/llanerosderuana.com\/en\/wp-json\/wp\/v2\/product_tag?post=5435"},{"taxonomy":"region","embeddable":true,"href":"https:\/\/llanerosderuana.com\/en\/wp-json\/wp\/v2\/region?post=5435"}],"curies":[{"name":"wp","href":"https:\/\/api.w.org\/{rel}","templated":true}]}}