{"id":5042,"date":"2024-05-01T18:48:33","date_gmt":"2024-05-01T23:48:33","guid":{"rendered":"https:\/\/llanerosderuana.com\/?post_type=product&#038;p=5042"},"modified":"2025-03-05T15:07:07","modified_gmt":"2025-03-05T20:07:07","slug":"san-juanito-desde-bogota","status":"publish","type":"product","link":"https:\/\/llanerosderuana.com\/en\/viaje\/san-juanito-desde-bogota\/","title":{"rendered":"San Juanito, el coraz\u00f3n de Chingaza desde Bogot\u00e1"},"content":{"rendered":"<p>2 dias, 1 noche Desde la ciudad de Bogot\u00e1 para conocer el m\u00e1gico municipio de San Juanito, un peque\u00f1o pueblo incrustado en\u00a0 el coraz\u00f3n del Parque natural Chingaza. Este viaje por el el Ca\u00f1\u00f3n del Guatiqu\u00eda nos permitir\u00e1 descubrir los atractivos tur\u00edsticos m\u00e1s importantes de este territorio.<\/p>","protected":false},"excerpt":{"rendered":"<p>2 dias, 1 noche Desde la ciudad de Bogot\u00e1 para conocer el m\u00e1gico municipio de San Juanito, un peque\u00f1o pueblo incrustado en\u00a0 el coraz\u00f3n del Parque natural Chingaza. Este viaje por el el Ca\u00f1\u00f3n del Guatiqu\u00eda nos permitir\u00e1 descubrir los atractivos tur\u00edsticos m\u00e1s importantes de este territorio.<\/p>","protected":false},"featured_media":5017,"comment_status":"open","ping_status":"closed","template":"","meta":[],"product_cat":[152,150,147,156,148,151,158],"product_tag":[],"region":[84],"acf":[],"_links":{"self":[{"href":"https:\/\/llanerosderuana.com\/en\/wp-json\/wp\/v2\/product\/5042"}],"collection":[{"href":"https:\/\/llanerosderuana.com\/en\/wp-json\/wp\/v2\/product"}],"about":[{"href":"https:\/\/llanerosderuana.com\/en\/wp-json\/wp\/v2\/types\/product"}],"replies":[{"embeddable":true,"href":"https:\/\/llanerosderuana.com\/en\/wp-json\/wp\/v2\/comments?post=5042"}],"wp:featuredmedia":[{"embeddable":true,"href":"https:\/\/llanerosderuana.com\/en\/wp-json\/wp\/v2\/media\/5017"}],"wp:attachment":[{"href":"https:\/\/llanerosderuana.com\/en\/wp-json\/wp\/v2\/media?parent=5042"}],"wp:term":[{"taxonomy":"product_cat","embeddable":true,"href":"https:\/\/llanerosderuana.com\/en\/wp-json\/wp\/v2\/product_cat?post=5042"},{"taxonomy":"product_tag","embeddable":true,"href":"https:\/\/llanerosderuana.com\/en\/wp-json\/wp\/v2\/product_tag?post=5042"},{"taxonomy":"region","embeddable":true,"href":"https:\/\/llanerosderuana.com\/en\/wp-json\/wp\/v2\/region?post=5042"}],"curies":[{"name":"wp","href":"https:\/\/api.w.org\/{rel}","templated":true}]}}