{"id":4805,"date":"2024-06-27T17:09:58","date_gmt":"2024-06-27T22:09:58","guid":{"rendered":"https:\/\/llanerosderuana.com\/?post_type=product&#038;p=4805"},"modified":"2026-04-15T12:48:12","modified_gmt":"2026-04-15T17:48:12","slug":"canon-del-guatiquia","status":"publish","type":"product","link":"https:\/\/llanerosderuana.com\/en\/viaje\/canon-del-guatiquia\/","title":{"rendered":"Ca\u00f1\u00f3n del Guatiqu\u00eda"},"content":{"rendered":"<h2><strong>5 d\u00edas caminando desde la Laguna de Chingaza a Villavicencio, un recorrido del p\u00e1ramo al Llano \u00fanico en Colombia. Conoceremos las maravillas naturales de San Juanito y todo el recorrido por el Ca\u00f1\u00f3n del Guatiqu\u00eda hasta el pie de monte llanero.<\/strong><\/h2>\n<div id=\"gtx-trans\" style=\"position: absolute; left: -19px; top: 0px;\">\n<div class=\"gtx-trans-icon\"><\/div>\n<\/div>","protected":false},"excerpt":{"rendered":"<p>5 d\u00edas caminando desde la Laguna de Chingaza a Villavicencio, un recorrido del p\u00e1ramo al Llano \u00fanico en Colombia. Conoceremos las maravillas naturales de San Juanito y todo el recorrido por el Ca\u00f1\u00f3n del Guatiqu\u00eda hasta el pie de monte llanero.<\/p>","protected":false},"featured_media":3660,"comment_status":"open","ping_status":"closed","template":"","meta":[],"product_cat":[150,172,147,156,148,149,158],"product_tag":[],"region":[84,87],"acf":[],"_links":{"self":[{"href":"https:\/\/llanerosderuana.com\/en\/wp-json\/wp\/v2\/product\/4805"}],"collection":[{"href":"https:\/\/llanerosderuana.com\/en\/wp-json\/wp\/v2\/product"}],"about":[{"href":"https:\/\/llanerosderuana.com\/en\/wp-json\/wp\/v2\/types\/product"}],"replies":[{"embeddable":true,"href":"https:\/\/llanerosderuana.com\/en\/wp-json\/wp\/v2\/comments?post=4805"}],"wp:featuredmedia":[{"embeddable":true,"href":"https:\/\/llanerosderuana.com\/en\/wp-json\/wp\/v2\/media\/3660"}],"wp:attachment":[{"href":"https:\/\/llanerosderuana.com\/en\/wp-json\/wp\/v2\/media?parent=4805"}],"wp:term":[{"taxonomy":"product_cat","embeddable":true,"href":"https:\/\/llanerosderuana.com\/en\/wp-json\/wp\/v2\/product_cat?post=4805"},{"taxonomy":"product_tag","embeddable":true,"href":"https:\/\/llanerosderuana.com\/en\/wp-json\/wp\/v2\/product_tag?post=4805"},{"taxonomy":"region","embeddable":true,"href":"https:\/\/llanerosderuana.com\/en\/wp-json\/wp\/v2\/region?post=4805"}],"curies":[{"name":"wp","href":"https:\/\/api.w.org\/{rel}","templated":true}]}}