{"id":4467,"date":"2024-03-16T17:06:35","date_gmt":"2024-03-16T22:06:35","guid":{"rendered":"https:\/\/llanerosderuana.com\/?post_type=product&#038;p=4467"},"modified":"2024-05-01T18:31:49","modified_gmt":"2024-05-01T23:31:49","slug":"ecoturismo-en-san-juanito","status":"publish","type":"product","link":"https:\/\/llanerosderuana.com\/en\/viaje\/ecoturismo-en-san-juanito\/","title":{"rendered":"Pasad\u00eda de ecoturismo en San Juanito"},"content":{"rendered":"<p>San Juanito, Meta es un lugar paradisiaco para las actividades ecotur\u00edsticas, si decidiste llegar por tu cuenta, puedes apoyarte con uno de nuestros gu\u00edas locales expertos y vivir un d\u00eda de aventuras inigualables aprovechando al m\u00e1ximo tu estad\u00eda y conociendo los rincones m\u00e1s incre\u00edbles de este municipio. nuestros gu\u00edas est\u00e1n preparados para explicarte paso a paso de una manera \u00edntegra el territorio, sus cambios culturales, el pasado en conflicto armado que subyug\u00f3 a su poblaci\u00f3n, la fauna y la flora que se desborda en el Ca\u00f1\u00f3n del Guatiqu\u00eda y lo m\u00e1s importante, todo el recorrido se har\u00e1 apoyando a nuestra red de turismo comunitario. Adem\u00e1s, contar\u00e1s con un seguro de viaje y con alguien que te mantendr\u00e1 segur@ en todo momento.<\/p>","protected":false},"excerpt":{"rendered":"<p>San Juanito, Meta es un lugar paradisiaco para las actividades ecotur\u00edsticas, si decidiste llegar por tu cuenta, puedes apoyarte con uno de nuestros gu\u00edas locales expertos y vivir un d\u00eda de aventuras inigualables aprovechando al m\u00e1ximo tu estad\u00eda y conociendo los rincones m\u00e1s incre\u00edbles de este municipio. nuestros gu\u00edas est\u00e1n preparados para explicarte paso a [&hellip;]<\/p>","protected":false},"featured_media":3693,"comment_status":"open","ping_status":"closed","template":"","meta":[],"product_cat":[152,154,153,156,151,159],"product_tag":[],"region":[],"acf":[],"_links":{"self":[{"href":"https:\/\/llanerosderuana.com\/en\/wp-json\/wp\/v2\/product\/4467"}],"collection":[{"href":"https:\/\/llanerosderuana.com\/en\/wp-json\/wp\/v2\/product"}],"about":[{"href":"https:\/\/llanerosderuana.com\/en\/wp-json\/wp\/v2\/types\/product"}],"replies":[{"embeddable":true,"href":"https:\/\/llanerosderuana.com\/en\/wp-json\/wp\/v2\/comments?post=4467"}],"wp:featuredmedia":[{"embeddable":true,"href":"https:\/\/llanerosderuana.com\/en\/wp-json\/wp\/v2\/media\/3693"}],"wp:attachment":[{"href":"https:\/\/llanerosderuana.com\/en\/wp-json\/wp\/v2\/media?parent=4467"}],"wp:term":[{"taxonomy":"product_cat","embeddable":true,"href":"https:\/\/llanerosderuana.com\/en\/wp-json\/wp\/v2\/product_cat?post=4467"},{"taxonomy":"product_tag","embeddable":true,"href":"https:\/\/llanerosderuana.com\/en\/wp-json\/wp\/v2\/product_tag?post=4467"},{"taxonomy":"region","embeddable":true,"href":"https:\/\/llanerosderuana.com\/en\/wp-json\/wp\/v2\/region?post=4467"}],"curies":[{"name":"wp","href":"https:\/\/api.w.org\/{rel}","templated":true}]}}