{"id":4449,"date":"2024-03-16T16:07:05","date_gmt":"2024-03-16T21:07:05","guid":{"rendered":"https:\/\/llanerosderuana.com\/?post_type=product&#038;p=4449"},"modified":"2024-05-02T10:07:01","modified_gmt":"2024-05-02T15:07:01","slug":"hotel-san-juanito","status":"publish","type":"product","link":"https:\/\/llanerosderuana.com\/en\/viaje\/hotel-san-juanito\/","title":{"rendered":"Hotel de la Profe Anita"},"content":{"rendered":"<p>El Hotel de la profe Anita est\u00e1 ubicado a dos cuadras del parque central de San Juanito, Meta. Es una casa de familia tradicional y hermosa adaptada para el servicio de hospedaje con capacidad para 16 viajeros en cama individual. cuenta con 7 habitaciones compartidas con ba\u00f1o compartido y ducha caliente. Tambi\u00e9n cuenta con un patio grande para actividades, lavadero y Parqueadero para tu veh\u00edculo.<\/p>","protected":false},"excerpt":{"rendered":"<p>El Hotel de la profe Anita est\u00e1 ubicado a dos cuadras del parque central de San Juanito, Meta. Es una casa de familia tradicional y hermosa adaptada para el servicio de hospedaje con capacidad para 16 viajeros en cama individual. cuenta con 7 habitaciones compartidas con ba\u00f1o compartido y ducha caliente. Tambi\u00e9n cuenta con un [&hellip;]<\/p>","protected":false},"featured_media":5130,"comment_status":"open","ping_status":"closed","template":"","meta":[],"product_cat":[163,160],"product_tag":[],"region":[],"acf":[],"_links":{"self":[{"href":"https:\/\/llanerosderuana.com\/en\/wp-json\/wp\/v2\/product\/4449"}],"collection":[{"href":"https:\/\/llanerosderuana.com\/en\/wp-json\/wp\/v2\/product"}],"about":[{"href":"https:\/\/llanerosderuana.com\/en\/wp-json\/wp\/v2\/types\/product"}],"replies":[{"embeddable":true,"href":"https:\/\/llanerosderuana.com\/en\/wp-json\/wp\/v2\/comments?post=4449"}],"wp:featuredmedia":[{"embeddable":true,"href":"https:\/\/llanerosderuana.com\/en\/wp-json\/wp\/v2\/media\/5130"}],"wp:attachment":[{"href":"https:\/\/llanerosderuana.com\/en\/wp-json\/wp\/v2\/media?parent=4449"}],"wp:term":[{"taxonomy":"product_cat","embeddable":true,"href":"https:\/\/llanerosderuana.com\/en\/wp-json\/wp\/v2\/product_cat?post=4449"},{"taxonomy":"product_tag","embeddable":true,"href":"https:\/\/llanerosderuana.com\/en\/wp-json\/wp\/v2\/product_tag?post=4449"},{"taxonomy":"region","embeddable":true,"href":"https:\/\/llanerosderuana.com\/en\/wp-json\/wp\/v2\/region?post=4449"}],"curies":[{"name":"wp","href":"https:\/\/api.w.org\/{rel}","templated":true}]}}