{"id":4438,"date":"2024-04-28T14:46:25","date_gmt":"2024-04-28T19:46:25","guid":{"rendered":"https:\/\/llanerosderuana.com\/?post_type=product&#038;p=4438"},"modified":"2025-03-05T15:52:31","modified_gmt":"2025-03-05T20:52:31","slug":"viaje-a-chingaza-san-juanito-y-el-calvario","status":"publish","type":"product","link":"https:\/\/llanerosderuana.com\/en\/viaje\/viaje-a-chingaza-san-juanito-y-el-calvario\/","title":{"rendered":"Viaje a Chingaza y San Juanito, Meta"},"content":{"rendered":"<p>3 d\u00edas, 2 noches para conocer el coraz\u00f3n del Parque Natural Chingaza, Caminaremos en el p\u00e1ramo y bajaremos al Ca\u00f1\u00f3n del Guatiqu\u00eda para explorar el municipio de San Juanito, con todos sus atractivos naturales.<\/p>","protected":false},"excerpt":{"rendered":"<p>3 d\u00edas, 2 noches para conocer el coraz\u00f3n del Parque Natural Chingaza, Caminaremos en el p\u00e1ramo y bajaremos al Ca\u00f1\u00f3n del Guatiqu\u00eda para explorar el municipio de San Juanito, con todos sus atractivos naturales.<\/p>","protected":false},"featured_media":4815,"comment_status":"open","ping_status":"closed","template":"","meta":[],"product_cat":[152,150,147,156,148,151,158],"product_tag":[],"region":[84],"acf":[],"_links":{"self":[{"href":"https:\/\/llanerosderuana.com\/en\/wp-json\/wp\/v2\/product\/4438"}],"collection":[{"href":"https:\/\/llanerosderuana.com\/en\/wp-json\/wp\/v2\/product"}],"about":[{"href":"https:\/\/llanerosderuana.com\/en\/wp-json\/wp\/v2\/types\/product"}],"replies":[{"embeddable":true,"href":"https:\/\/llanerosderuana.com\/en\/wp-json\/wp\/v2\/comments?post=4438"}],"wp:featuredmedia":[{"embeddable":true,"href":"https:\/\/llanerosderuana.com\/en\/wp-json\/wp\/v2\/media\/4815"}],"wp:attachment":[{"href":"https:\/\/llanerosderuana.com\/en\/wp-json\/wp\/v2\/media?parent=4438"}],"wp:term":[{"taxonomy":"product_cat","embeddable":true,"href":"https:\/\/llanerosderuana.com\/en\/wp-json\/wp\/v2\/product_cat?post=4438"},{"taxonomy":"product_tag","embeddable":true,"href":"https:\/\/llanerosderuana.com\/en\/wp-json\/wp\/v2\/product_tag?post=4438"},{"taxonomy":"region","embeddable":true,"href":"https:\/\/llanerosderuana.com\/en\/wp-json\/wp\/v2\/region?post=4438"}],"curies":[{"name":"wp","href":"https:\/\/api.w.org\/{rel}","templated":true}]}}