{"id":3740,"date":"2024-03-12T17:17:49","date_gmt":"2024-03-12T22:17:49","guid":{"rendered":"https:\/\/llanerosderuana.com\/?post_type=product&#038;p=3740"},"modified":"2024-05-02T09:35:35","modified_gmt":"2024-05-02T14:35:35","slug":"off-road-por-el-canon-del-guatiquia","status":"publish","type":"product","link":"https:\/\/llanerosderuana.com\/en\/viaje\/off-road-por-el-canon-del-guatiquia\/","title":{"rendered":"Gu\u00eda Off Road por el Ca\u00f1\u00f3n del Guatiqu\u00eda"},"content":{"rendered":"<p>Las trochas y caminos de San Juanito y El Calvario, Meta son excepcionales para practicar tus habilidades de conducci\u00f3n, puedes aceptar el reto de hacer el circuito F\u00f3meque -Chingaza -San Juanito &#8211; El Calvario -Quetame o Guayabetal. Son aproximadamente 135 km de carretera destapada que en invierno sube de nivel teniendo que cruzar r\u00edos y partes llenas de barro.\u00a0 El recorrido lo puedes hacer en Moto todo terreno, Carro 4&#215;4, Buggy o Cuatrimoto.\u00a0 Sin embargo en verano puedes ingresar en camioneta 4&#215;2 o moto scooter.<\/p>\n<p>Esta aventura no se trata de hacer solamente el recorrido, sino que puedes contactar un gu\u00eda local que te lleve a los sitios tur\u00edsticos m\u00e1s incre\u00edbles y te ense\u00f1e otras trochas internas para llevarte al l\u00edmite.<\/p>","protected":false},"excerpt":{"rendered":"<p>Las trochas y caminos de San Juanito y El Calvario, Meta son excepcionales para practicar tus habilidades de conducci\u00f3n, puedes aceptar el reto de hacer el circuito F\u00f3meque -Chingaza -San Juanito &#8211; El Calvario -Quetame o Guayabetal. Son aproximadamente 135 km de carretera destapada que en invierno sube de nivel teniendo que cruzar r\u00edos y [&hellip;]<\/p>","protected":false},"featured_media":5121,"comment_status":"open","ping_status":"closed","template":"","meta":[],"product_cat":[154,148,149,159],"product_tag":[],"region":[],"acf":[],"_links":{"self":[{"href":"https:\/\/llanerosderuana.com\/en\/wp-json\/wp\/v2\/product\/3740"}],"collection":[{"href":"https:\/\/llanerosderuana.com\/en\/wp-json\/wp\/v2\/product"}],"about":[{"href":"https:\/\/llanerosderuana.com\/en\/wp-json\/wp\/v2\/types\/product"}],"replies":[{"embeddable":true,"href":"https:\/\/llanerosderuana.com\/en\/wp-json\/wp\/v2\/comments?post=3740"}],"wp:featuredmedia":[{"embeddable":true,"href":"https:\/\/llanerosderuana.com\/en\/wp-json\/wp\/v2\/media\/5121"}],"wp:attachment":[{"href":"https:\/\/llanerosderuana.com\/en\/wp-json\/wp\/v2\/media?parent=3740"}],"wp:term":[{"taxonomy":"product_cat","embeddable":true,"href":"https:\/\/llanerosderuana.com\/en\/wp-json\/wp\/v2\/product_cat?post=3740"},{"taxonomy":"product_tag","embeddable":true,"href":"https:\/\/llanerosderuana.com\/en\/wp-json\/wp\/v2\/product_tag?post=3740"},{"taxonomy":"region","embeddable":true,"href":"https:\/\/llanerosderuana.com\/en\/wp-json\/wp\/v2\/region?post=3740"}],"curies":[{"name":"wp","href":"https:\/\/api.w.org\/{rel}","templated":true}]}}