{"id":4626,"date":"2024-04-05T05:39:32","date_gmt":"2024-04-05T10:39:32","guid":{"rendered":"https:\/\/llanerosderuana.com\/?page_id=4626"},"modified":"2024-05-09T11:45:11","modified_gmt":"2024-05-09T16:45:11","slug":"fundacion-somos-llaneros-de-ruana","status":"publish","type":"page","link":"https:\/\/llanerosderuana.com\/en\/fundacion-somos-llaneros-de-ruana\/","title":{"rendered":"Fundaci\u00f3n somos Llaneros de Ruana"},"content":{"rendered":"<h2 class=\"wp-block-heading\">Organizaci\u00f3n para el desarrollo ambiental y social de los territorios rurales.<\/h2>\n\n\n\n<p>Este es un proyecto ambiental y social sin \u00e1nimo de lucro, que vela por el desarrollo integral de los territorios donde habitamos la comunidades rurales olvidadas de Colombia, tenemos un importante componente ambiental para promover proyectos enfocados en la conservaci\u00f3n de la naturaleza, adem\u00e1s, integramos a las comunidades donde operamos actividades tur\u00edsticas mejorando su calidad de vida y aportado al desarrollo econ\u00f3mico de sus habitantes.<\/p>\n\n\n\n<h2 class=\"wp-block-heading\">Nuestro equipo de trabajo<\/h2>\n\n\n\n<p>Nuestro equipo de trabajo se compone de profesionales en m\u00faltiples campos, Ingenieros Ambientales, Agr\u00f3nomos, Ingenieros Agroindustriales, Abogados, Psic\u00f3logos, Comunicadores Sociales, Docentes Ingl\u00e9s, bi\u00f3logos y Gestores de proyectos Productivos.<\/p>\n\n\n\n<h2 class=\"wp-block-heading\">\u00bfC\u00f3mo puedes apoyarnos?<\/h2>\n\n\n\n<p>Primero te invitamos a conocer nuestros proyectos, escr\u00edbenos a fundacion@llanerosderuana.com y con gusto te damos un recorrido por los logros alcanzados. Despu\u00e9s si deseas integrarte lo podr\u00e1s hacer, sea prestando alg\u00fan servicio con tus habilidades o realizando una donaci\u00f3n para nuestra fundaci\u00f3n Somos Llaneros de Ruana.<\/p>","protected":false},"excerpt":{"rendered":"<p>Organizaci\u00f3n para el desarrollo ambiental y social de los territorios rurales. Este es un proyecto ambiental y social sin \u00e1nimo de lucro, que vela por el desarrollo integral de los territorios donde habitamos la comunidades rurales olvidadas de Colombia, tenemos un importante componente ambiental para promover proyectos enfocados en la conservaci\u00f3n de la naturaleza, adem\u00e1s, [&hellip;]<\/p>","protected":false},"author":4,"featured_media":0,"parent":0,"menu_order":0,"comment_status":"closed","ping_status":"closed","template":"","meta":{"footnotes":""},"acf":[],"_links":{"self":[{"href":"https:\/\/llanerosderuana.com\/en\/wp-json\/wp\/v2\/pages\/4626"}],"collection":[{"href":"https:\/\/llanerosderuana.com\/en\/wp-json\/wp\/v2\/pages"}],"about":[{"href":"https:\/\/llanerosderuana.com\/en\/wp-json\/wp\/v2\/types\/page"}],"author":[{"embeddable":true,"href":"https:\/\/llanerosderuana.com\/en\/wp-json\/wp\/v2\/users\/4"}],"replies":[{"embeddable":true,"href":"https:\/\/llanerosderuana.com\/en\/wp-json\/wp\/v2\/comments?post=4626"}],"version-history":[{"count":10,"href":"https:\/\/llanerosderuana.com\/en\/wp-json\/wp\/v2\/pages\/4626\/revisions"}],"predecessor-version":[{"id":5445,"href":"https:\/\/llanerosderuana.com\/en\/wp-json\/wp\/v2\/pages\/4626\/revisions\/5445"}],"wp:attachment":[{"href":"https:\/\/llanerosderuana.com\/en\/wp-json\/wp\/v2\/media?parent=4626"}],"curies":[{"name":"wp","href":"https:\/\/api.w.org\/{rel}","templated":true}]}}