{"id":4617,"date":"2024-04-05T05:27:38","date_gmt":"2024-04-05T10:27:38","guid":{"rendered":"https:\/\/llanerosderuana.com\/?page_id=4617"},"modified":"2024-05-09T11:24:53","modified_gmt":"2024-05-09T16:24:53","slug":"quienes-somos","status":"publish","type":"page","link":"https:\/\/llanerosderuana.com\/en\/quienes-somos\/","title":{"rendered":"Quienes somos"},"content":{"rendered":"<h2 class=\"wp-block-heading\">Llaneros  de Ruana<\/h2>\n\n\n\n<p>Rural life has taught us that territories are a set of all the beings that inhabit them: people and their beliefs, biodiversity in all its manifestations, the impressive geology of our country, the water that flows from the mountain range and reaches the oceans.<br>Por eso creamos estas experiencias fundamentadas en lo esencial, en la b\u00fasqueda de esa fuerza vital que brinda la naturaleza, en la conexi\u00f3n con la identidad cultural de los territorios que visitamos y el compartir con \u00e9tica las costumbres de sus habitantes.<\/p>\n\n\n\n<h2 class=\"wp-block-heading\">\u00bfPor que creamos este proyecto?<\/h2>\n\n\n\n<p>Vivimos en medio del Parque Natural Chingaza, el m\u00e1s importante para el centro de Colombia, pero lamentablemente somos una regi\u00f3n desconocida, primero por el olvido estatal y segundo porque entre la d\u00e9cada de los 90 y el 2005 estuvimos sometidos por el conflicto armado, siendo considerado el Ca\u00f1\u00f3n del Guatiqu\u00eda como Zona Roja e inaccesible, esto nos dej\u00f3 un fuerte estigma dif\u00edcil de arrancar.<\/p>\n\n\n\n<p>Pero lleg\u00f3 una nueva generaci\u00f3n, que empez\u00f3 a creer en el turismo d naturaleza, nos organizamos y naci\u00f3 este proyecto, hoy en d\u00eda somos un proyecto social, LLANEROS DE RUANA se convirti\u00f3 en la identidad cultural  de nuestra regi\u00f3n, somos la agencia de ecoturismo m\u00e1s importante del Ca\u00f1\u00f3n del Guatiqu\u00eda y con nosotros trabajan m\u00e1s  de 20 familias locales entre ellas madres cabeza de hogar que  se mantienen econ\u00f3micamente apoy\u00e1ndonos en la operaci\u00f3n tur\u00edstica.<\/p>\n\n\n\n<p>Hoy en d\u00eda esta regi\u00f3n es considerada un destino tur\u00edstico, cultural y agropecuario \u00fanico, con un potencial inconmensurable. Tenemos la dicha de poseer ecosistemas desde los 4000 msnm hasta los 450 msnm, desde el p\u00e1ramo de Chingaza asta Villavicencio. Esto nos permite una oferta diversa par actividades de trekking, observaci\u00f3n de fauna, deportes de aventura, recorridos culturales, religiosos y gastron\u00f3micos.<\/p>\n\n\n\n<figure class=\"wp-block-image size-full\"><a href=\"https:\/\/llanerosderuana.com\/wp-content\/uploads\/San-Juanito-1-2-scaled.jpg\"><img loading=\"lazy\" decoding=\"async\" width=\"2560\" height=\"1674\" src=\"https:\/\/llanerosderuana.com\/wp-content\/uploads\/San-Juanito-1-2-scaled.jpg\" alt=\"\" class=\"wp-image-4819\" style=\"aspect-ratio:16\/9;object-fit:cover\" srcset=\"https:\/\/llanerosderuana.com\/wp-content\/uploads\/San-Juanito-1-2-scaled.jpg 2560w, https:\/\/llanerosderuana.com\/wp-content\/uploads\/San-Juanito-1-2-400x262.jpg 400w, https:\/\/llanerosderuana.com\/wp-content\/uploads\/San-Juanito-1-2-1024x670.jpg 1024w, https:\/\/llanerosderuana.com\/wp-content\/uploads\/San-Juanito-1-2-768x502.jpg 768w, https:\/\/llanerosderuana.com\/wp-content\/uploads\/San-Juanito-1-2-1536x1005.jpg 1536w, https:\/\/llanerosderuana.com\/wp-content\/uploads\/San-Juanito-1-2-2048x1339.jpg 2048w, https:\/\/llanerosderuana.com\/wp-content\/uploads\/San-Juanito-1-2-18x12.jpg 18w, https:\/\/llanerosderuana.com\/wp-content\/uploads\/San-Juanito-1-2-600x392.jpg 600w\" sizes=\"(max-width: 2560px) 100vw, 2560px\" \/><\/a><figcaption class=\"wp-element-caption\">San Juanito, Rafael Mora<\/figcaption><\/figure>\n\n\n\n<h2 class=\"wp-block-heading\">\u00bfCu\u00e1nta  experiencia tenemos?<\/h2>\n\n\n\n<p>Empezamos a trabajar como proyecto social desde el a\u00f1o 2017, organizamos legalmente nuestra agencia de viajes en el 2018 y durante todos eso a\u00f1os hemos atendido a m\u00e1s de 1000 viajeros que se han dado oportunidad de conocer esta maravillosa regi\u00f3n.<\/p>\n\n\n\n<h2 class=\"wp-block-heading\">\u00bfD\u00f3nde Trabajamos?<\/h2>\n\n\n\n<p>Inicialmente trabajamos en el municipio de San Juanito, luego empezamos a operar todos los senderos  del Parque Nacional Natural Chingaza, despu\u00e9s ampliamos nuestros servicios a El calvario y Villavicencio  cubriendo todo el Ca\u00f1\u00f3n del Guatiqu\u00eda. Hoy en d\u00eda somos especialistas en todo el macizo de Chingaza y hacemos salidas programas a otros destinos de todo Colombia.<\/p>\n\n\n\n<figure class=\"wp-block-embed is-type-video is-provider-youtube wp-block-embed-youtube wp-embed-aspect-16-9 wp-has-aspect-ratio\"><div class=\"wp-block-embed__wrapper\">\n<iframe loading=\"lazy\" title=\"LLaneros enruanados\" width=\"500\" height=\"281\" src=\"https:\/\/www.youtube.com\/embed\/a2nFArkkztw?feature=oembed\" frameborder=\"0\" allow=\"accelerometer; autoplay; clipboard-write; encrypted-media; gyroscope; picture-in-picture; web-share\" referrerpolicy=\"strict-origin-when-cross-origin\" allowfullscreen><\/iframe>\n<\/div><\/figure>","protected":false},"excerpt":{"rendered":"<p>Llaneros de Ruana La vida rural nos ense\u00f1\u00f3 que los territorios son un conjunto de todos los seres que habitan en ellos: las personas y sus creencias, la biodiversidad en todas sus manifestaciones, la impresionante geolog\u00eda de nuestro pa\u00eds, el agua que fluye de la cordillera y llega a los oc\u00e9anos.Por eso creamos estas experiencias [&hellip;]<\/p>","protected":false},"author":4,"featured_media":0,"parent":0,"menu_order":0,"comment_status":"closed","ping_status":"closed","template":"","meta":{"footnotes":""},"acf":[],"_links":{"self":[{"href":"https:\/\/llanerosderuana.com\/en\/wp-json\/wp\/v2\/pages\/4617"}],"collection":[{"href":"https:\/\/llanerosderuana.com\/en\/wp-json\/wp\/v2\/pages"}],"about":[{"href":"https:\/\/llanerosderuana.com\/en\/wp-json\/wp\/v2\/types\/page"}],"author":[{"embeddable":true,"href":"https:\/\/llanerosderuana.com\/en\/wp-json\/wp\/v2\/users\/4"}],"replies":[{"embeddable":true,"href":"https:\/\/llanerosderuana.com\/en\/wp-json\/wp\/v2\/comments?post=4617"}],"version-history":[{"count":22,"href":"https:\/\/llanerosderuana.com\/en\/wp-json\/wp\/v2\/pages\/4617\/revisions"}],"predecessor-version":[{"id":5441,"href":"https:\/\/llanerosderuana.com\/en\/wp-json\/wp\/v2\/pages\/4617\/revisions\/5441"}],"wp:attachment":[{"href":"https:\/\/llanerosderuana.com\/en\/wp-json\/wp\/v2\/media?parent=4617"}],"curies":[{"name":"wp","href":"https:\/\/api.w.org\/{rel}","templated":true}]}}