{"id":4413,"date":"2024-03-16T12:47:22","date_gmt":"2024-03-16T17:47:22","guid":{"rendered":"https:\/\/llanerosderuana.com\/?page_id=4413"},"modified":"2024-05-09T11:28:35","modified_gmt":"2024-05-09T16:28:35","slug":"politicas-de-cancelacion","status":"publish","type":"page","link":"https:\/\/llanerosderuana.com\/en\/politicas-de-cancelacion\/","title":{"rendered":"Pol\u00edticas de cancelaci\u00f3n"},"content":{"rendered":"<h5 class=\"wp-block-heading\"><a><\/a><strong>Pol\u00edtica de cancelaci\u00f3n para nuestros viajes<\/strong><\/h5>\n\n\n\n<ul>\n<li>Despu\u00e9s de realizada la compra hay un cargo de Cancelaci\u00f3n del 10%<\/li>\n\n\n\n<li>Si solicitas una cancelaci\u00f3n entre los 20 y los 10 d\u00edas antes del viaje tendr\u00e1s una penalizaci\u00f3n del 30% del valor total del viaje, caminata o experiencia.<\/li>\n\n\n\n<li>Si la cancelaci\u00f3n es entre 9 y 4 d\u00edas, la penalizaci\u00f3n ser\u00e1 del 50% del valor total del viaje, caminata o experiencia.<\/li>\n\n\n\n<li>Si solicitas la cancelaci\u00f3n del viaje 3 o menos d\u00edas antes del inicio el cargo de cancelaci\u00f3n ser\u00e1 del 70%<\/li>\n\n\n\n<li>En el caso de no presentarse al viaje en el d\u00eda y hora se\u00f1alados perder\u00e1 todo derecho a reembolso o devoluci\u00f3n del dinero pagado en la reserva.<\/li>\n\n\n\n<li>En caso de cuarentenas, restricciones de movilidad o contagio comprobado de Covid-19, se tendr\u00e1 flexibilidad en el cambio de fechas y podr\u00e1n reprogramar el viaje con una penalidad del 10% en el valor total del viaje. Si desean solicitar la devoluci\u00f3n del dinero habr\u00e1 una penalidad del 25 % en el valor total del viaje.<\/li>\n<\/ul>\n\n\n\n<p><strong>Urgencias<\/strong><\/p>\n\n\n\n<ul>\n<li>Si cancelas la reserva debido a una urgencia, solicitaremos la documentaci\u00f3n que verifique el inconveniente. Luego pasaremos a una evaluaci\u00f3n para determinar un cargo de cancelaci\u00f3n justo.<\/li>\n<\/ul>","protected":false},"excerpt":{"rendered":"<p>Pol\u00edtica de cancelaci\u00f3n para nuestros viajes Urgencias<\/p>","protected":false},"author":4,"featured_media":0,"parent":0,"menu_order":0,"comment_status":"closed","ping_status":"closed","template":"","meta":{"footnotes":""},"acf":[],"_links":{"self":[{"href":"https:\/\/llanerosderuana.com\/en\/wp-json\/wp\/v2\/pages\/4413"}],"collection":[{"href":"https:\/\/llanerosderuana.com\/en\/wp-json\/wp\/v2\/pages"}],"about":[{"href":"https:\/\/llanerosderuana.com\/en\/wp-json\/wp\/v2\/types\/page"}],"author":[{"embeddable":true,"href":"https:\/\/llanerosderuana.com\/en\/wp-json\/wp\/v2\/users\/4"}],"replies":[{"embeddable":true,"href":"https:\/\/llanerosderuana.com\/en\/wp-json\/wp\/v2\/comments?post=4413"}],"version-history":[{"count":12,"href":"https:\/\/llanerosderuana.com\/en\/wp-json\/wp\/v2\/pages\/4413\/revisions"}],"predecessor-version":[{"id":5443,"href":"https:\/\/llanerosderuana.com\/en\/wp-json\/wp\/v2\/pages\/4413\/revisions\/5443"}],"wp:attachment":[{"href":"https:\/\/llanerosderuana.com\/en\/wp-json\/wp\/v2\/media?parent=4413"}],"curies":[{"name":"wp","href":"https:\/\/api.w.org\/{rel}","templated":true}]}}