{"id":1090,"date":"2023-09-25T22:25:26","date_gmt":"2023-09-26T03:25:26","guid":{"rendered":"https:\/\/llanerosderuana.com\/?page_id=1090"},"modified":"2024-05-01T23:37:11","modified_gmt":"2024-05-02T04:37:11","slug":"politicas-de-sostenibilidad","status":"publish","type":"page","link":"https:\/\/llanerosderuana.com\/en\/politicas-de-sostenibilidad\/","title":{"rendered":"Sustainable tourism policy"},"content":{"rendered":"<p><strong>Sustainable Tourism Declaration<\/strong><\/p>\n\n\n\n<p>Rural life has taught us that territories are a set of all the beings that inhabit them: people and their beliefs, biodiversity in all its manifestations, the impressive geology of our country, the water that flows from the mountain range and reaches the oceans.<\/p>\n\n\n\n<p>Por eso creamos estas experiencias fundamentadas en lo esencial, en la b\u00fasqueda de esa fuerza vital que brinda la naturaleza, en la conexi\u00f3n con la identidad cultural de los territorios que visitamos y el compartir con \u00e9tica las costumbres de sus habitantes.<\/p>\n\n\n\n<p>En Llaneros de Ruana adoptamos el Decreto 646 de 2021, \u201cPol\u00edtica de Turismo Sostenible denominada &#8216;Unidos por la naturaleza&#8217;. Esta pol\u00edtica tiene como objetivo posicionar la sostenibilidad como pilar fundamental para el desarrollo del turismo en nuestro pa\u00eds,&nbsp; pu\u00e9s a nivel mundial es un factor de competitividad para los negocios y un motor del desarrollo cultural y social de las comunidades.<\/p>\n\n\n\n<p>En Llaneros de Ruana nos comprometemos a realizar una gesti\u00f3n sostenible de nuestras actividades, productos, servicios, proyectos y programas. Velaremos porque est\u00e9n siempre orientados hacia la responsabilidad ambiental, la conservaci\u00f3n y el fortalecimiento de la identidad de las comunidades locales.<\/p>\n\n\n\n<p>De igual forma nos comprometemos enf\u00e1ticamente a luchar contra el ESCNNA-Explotaci\u00f3n Sexual y Comercial de Ni\u00f1os, Ni\u00f1as y Adolescentes, y contra cualquier forma de violencia en contra de las personas vulnerables de nuestro pa\u00eds.<\/p>\n\n\n\n<p>Nuestra pol\u00edtica de turismo sostenible se actualizar\u00e1 cuando sea necesario y se mantendr\u00e1 publicada para el conocimiento de todos; en el momento de tomar cualquier reserva con Llaneros de Ruana usted se hace responsable tambi\u00e9n de mantener los mismos valores y el respeto hacia los lugares y las personas que vamos a visitar.<\/p>\n\n\n\n<p>Llaneros de ruana cuenta con el Sello Marca Negocios Verdes, esta es una marca que busca generar una relaci\u00f3n de mercado entre la oferta y\u00a0la\u00a0demanda de productos verdes que garanticen al consumidor una promesa de valor con impacto ambiental positivo, buenas pr\u00e1cticas ambientales, sociales y econ\u00f3micas y ciclo de vida.<\/p>\n\n\n<div class=\"wp-block-image\">\n<figure class=\"aligncenter size-full is-resized\"><a href=\"https:\/\/llanerosderuana.com\/wp-content\/uploads\/Negocios-verdes.png\"><img loading=\"lazy\" decoding=\"async\" width=\"192\" height=\"262\" src=\"https:\/\/llanerosderuana.com\/wp-content\/uploads\/Negocios-verdes.png\" alt=\"\" class=\"wp-image-4842\" style=\"width:234px;height:auto\" srcset=\"https:\/\/llanerosderuana.com\/wp-content\/uploads\/Negocios-verdes.png 192w, https:\/\/llanerosderuana.com\/wp-content\/uploads\/Negocios-verdes-9x12.png 9w\" sizes=\"(max-width: 192px) 100vw, 192px\" \/><\/a><\/figure><\/div>","protected":false},"excerpt":{"rendered":"<p>Declaraci\u00f3n de Turismo Sostenible La vida rural nos ense\u00f1\u00f3 que los territorios son un conjunto de todos los seres que habitan en ellos: las personas y sus creencias, la biodiversidad en todas sus manifestaciones, la impresionante geolog\u00eda de nuestro pa\u00eds, el agua que fluye de la cordillera y llega a los oc\u00e9anos. Por eso creamos [&hellip;]<\/p>","protected":false},"author":4,"featured_media":0,"parent":0,"menu_order":0,"comment_status":"closed","ping_status":"closed","template":"","meta":{"footnotes":""},"acf":[],"_links":{"self":[{"href":"https:\/\/llanerosderuana.com\/en\/wp-json\/wp\/v2\/pages\/1090"}],"collection":[{"href":"https:\/\/llanerosderuana.com\/en\/wp-json\/wp\/v2\/pages"}],"about":[{"href":"https:\/\/llanerosderuana.com\/en\/wp-json\/wp\/v2\/types\/page"}],"author":[{"embeddable":true,"href":"https:\/\/llanerosderuana.com\/en\/wp-json\/wp\/v2\/users\/4"}],"replies":[{"embeddable":true,"href":"https:\/\/llanerosderuana.com\/en\/wp-json\/wp\/v2\/comments?post=1090"}],"version-history":[{"count":14,"href":"https:\/\/llanerosderuana.com\/en\/wp-json\/wp\/v2\/pages\/1090\/revisions"}],"predecessor-version":[{"id":5107,"href":"https:\/\/llanerosderuana.com\/en\/wp-json\/wp\/v2\/pages\/1090\/revisions\/5107"}],"wp:attachment":[{"href":"https:\/\/llanerosderuana.com\/en\/wp-json\/wp\/v2\/media?parent=1090"}],"curies":[{"name":"wp","href":"https:\/\/api.w.org\/{rel}","templated":true}]}}